{"id":2510,"date":"2022-05-01T09:40:12","date_gmt":"2022-05-01T07:40:12","guid":{"rendered":"http:\/\/www.ruhr-routen.de\/?page_id=2510"},"modified":"2022-05-01T09:46:36","modified_gmt":"2022-05-01T07:46:36","slug":"wandern","status":"publish","type":"page","link":"http:\/\/www.ruhr-routen.de\/?page_id=2510","title":{"rendered":"Wandern"},"content":{"rendered":"<p>Warum jetzt auf einmal der Modesport Wanden?<\/p>\n<p>Wandern ist wichtig. Nicht nur f\u00fcr die sportliche Bet\u00e4tigung, sondern auch f\u00fcr die Seele. Wo man auf dem MTB oder Rennrad die Umgebung an sich vorbei fliegen sieht oder die Umgebung durch unfassbar anstrengende Uphills und die dazugeh\u00f6rige Fokussierung aufs \u00dcberleben zur Nebensache werden, ist das langsamere Wandern eine Wohltat f\u00fcr die Seele. Ostwestfalen und auch der Ruhrpott bieten einen gro\u00dfen Spielplatz daf\u00fcr. Kombiniert mit GeoCaching ist es toller altersangemessener Sport f\u00fcr mich \ud83d\ude42<\/p>\n<p>Einige sch\u00f6ne Impressionen werde ich in den n\u00e4chsten Wochen mal hinzuf\u00fcgen.<\/p>\n<p>&nbsp;<\/p>\n","protected":false},"excerpt":{"rendered":"<div class=\"mh-excerpt\"><p>Warum jetzt auf einmal der Modesport Wanden? Wandern ist wichtig. Nicht nur f\u00fcr die sportliche Bet\u00e4tigung, sondern auch f\u00fcr die Seele. Wo man auf dem <a class=\"mh-excerpt-more\" href=\"http:\/\/www.ruhr-routen.de\/?page_id=2510\" title=\"Wandern\">[&#8230;]<\/a><\/p>\n<\/div>","protected":false},"author":1,"featured_media":0,"parent":0,"menu_order":0,"comment_status":"closed","ping_status":"closed","template":"","meta":{"footnotes":""},"class_list":["post-2510","page","type-page","status-publish","hentry"],"_links":{"self":[{"href":"http:\/\/www.ruhr-routen.de\/index.php?rest_route=\/wp\/v2\/pages\/2510","targetHints":{"allow":["GET"]}}],"collection":[{"href":"http:\/\/www.ruhr-routen.de\/index.php?rest_route=\/wp\/v2\/pages"}],"about":[{"href":"http:\/\/www.ruhr-routen.de\/index.php?rest_route=\/wp\/v2\/types\/page"}],"author":[{"embeddable":true,"href":"http:\/\/www.ruhr-routen.de\/index.php?rest_route=\/wp\/v2\/users\/1"}],"replies":[{"embeddable":true,"href":"http:\/\/www.ruhr-routen.de\/index.php?rest_route=%2Fwp%2Fv2%2Fcomments&post=2510"}],"version-history":[{"count":3,"href":"http:\/\/www.ruhr-routen.de\/index.php?rest_route=\/wp\/v2\/pages\/2510\/revisions"}],"predecessor-version":[{"id":2513,"href":"http:\/\/www.ruhr-routen.de\/index.php?rest_route=\/wp\/v2\/pages\/2510\/revisions\/2513"}],"wp:attachment":[{"href":"http:\/\/www.ruhr-routen.de\/index.php?rest_route=%2Fwp%2Fv2%2Fmedia&parent=2510"}],"curies":[{"name":"wp","href":"https:\/\/api.w.org\/{rel}","templated":true}]}}